{"id":5,"date":"2022-05-20T11:58:13","date_gmt":"2022-05-20T09:58:13","guid":{"rendered":"https:\/\/avegnirinfrascuol.ch\/?page_id=5"},"modified":"2022-12-08T10:45:04","modified_gmt":"2022-12-08T09:45:04","slug":"home","status":"publish","type":"page","link":"https:\/\/avegnirinfrascuol.ch\/rom\/","title":{"rendered":"Survista"},"content":{"rendered":"<h1>Avegnir<br \/>\nInfra<br \/>\nScuol<\/h1>\n<p>La fracziun da Scuol spordscha divers implants per sport, recreaziun e temp liber. Quels han per part dabs\u00f6gn da renovaziuns. La suprastanza cum\u00fcnala voul \u2013 avant co iniziar mas\u00fcras da sanaziun in singuls implants \u2013 far examinar l'idea d'\u00fcna concepziun generala per \u00fcn svilup s\u00fcn tuot ils areals \u2013 resguardond la documainta da la planisaziun, las ideas fingi\u00e0 trattadas e las pr\u00fcmas conclusiuns. Il b\u00f6t da quist pass es \u00fcn program d'infrastructura cumplessiv chi promouva il cum\u00fcn sco l\u00f6 da viver, sco spazi economic e sco regiun da vacanzas.<\/p>\n<h2><a href=\"https:\/\/avegnirinfrascuol.ch\/rom\/heute\/\">Hoz<\/a><\/h2>\n<p>\t\t\t<a href=\"https:\/\/avegnirinfrascuol.ch\/rom\/heute\/\" role=\"button\"><br \/>\n\t\t\t\t\t<\/a><\/p>\n<h2><a href=\"https:\/\/avegnirinfrascuol.ch\/rom\/morgen\/\">Daman<\/a><\/h2>\n<p>\t\t\t<a href=\"https:\/\/avegnirinfrascuol.ch\/rom\/morgen\/\" role=\"button\"><br \/>\n\t\t\t\t\t<\/a><\/p>\n<h2><a href=\"https:\/\/avegnirinfrascuol.ch\/rom\/entwicklung\/\">Svilup<\/a><\/h2>\n<p>\t\t\t<a href=\"https:\/\/avegnirinfrascuol.ch\/rom\/entwicklung\/\" role=\"button\"><br \/>\n\t\t\t\t\t<\/a><\/p>\n<h2><a href=\"https:\/\/avegnirinfrascuol.ch\/rom\/prozess\/\">Proceder<\/a><\/h2>\n<p>\t\t\t<a href=\"https:\/\/avegnirinfrascuol.ch\/rom\/prozess\/\" role=\"button\"><br \/>\n\t\t\t\t\t<\/a><\/p>\n<h2><a href=\"https:\/\/avegnirinfrascuol.ch\/rom\/faq-kontakt\/\">FAQ | Contact<\/a><\/h2>\n<p>\t\t\t<a href=\"https:\/\/avegnirinfrascuol.ch\/rom\/faq-kontakt\/\" role=\"button\"><br \/>\n\t\t\t\t\t<\/a><br \/>\n\t\t\t<a href=\"#aktuell\"><br \/>\n\t\t\t\t\t\t<\/a><\/p>\n<h2>Actual<\/h2>\n<p><strong>Dumonda da credit per la radunnanza da preventiv<\/strong><\/p>\n<p><strong>L\u00fcndeschdi, 12 december 2022<\/strong><br \/><strong>20:00 | Sala cum\u00fcnala da Scuol<br \/><\/strong><\/p>\n<p>Credit da planisaziun da 1 200 000 francs per la prosma fasa da planisaziun dal programm d\u2019infrastructura da turissem e temp liber \u00abAvegnir Infra Scuol\u00bb.<\/p>\n<p>Cul credit da planisaziun vegnan elavuradas las trais parts dal program (vair suotvart) fin s\u00fcl <strong>livel da singuls preprogets. <\/strong>Il credit cumpiglia pl\u00fcnavant la proposta pel proceder da realisaziun \u2013 <strong>scumparti sur pl\u00fcs ons<\/strong> \u2013 sco eir <strong>l\u2019elavuraziun d\u2019\u00fcn concept da finanziaziun equlibr\u00e0. <\/strong><\/p>\n<p>\t\t\t\t\t\t\t\t\t\t\t\t<a href=\"\">Pr\u00fcma part: Preproget pel svilup dal Bogn Engiadina Scuol (BES)<\/a><\/p>\n<ol>\n<li>modernisar la sporta existenta da bogns e saunas tenor nouvs trends e bs\u00f6gns ed adattar l\u2019ad\u00f6ver dal bogn roman-irlandais<\/li>\n<li>cumplettar il BES cun \u00fcn bogn da famiglias (secziun separada incl. substituziun dal bogn cuvern\u00e0 Quadras) ed \u00fcna sporta gastronomica tanter las secziuns<\/li>\n<li>concurrenza per \u00fcn\u2019architectura iconica adattada a l\u2019aspet existent cun integrar elemaints chi dan in \u00f6gl e chi dan \u00fcna nouva fatscha al Bogn Engiadina<\/li>\n<\/ol>\n<p>\t\t\t\t\t\t\t\t\t\t\t\t<a href=\"\">Seguonda part: Preproget pel svilup da l\u2019areal Tr\u00fc <\/a><\/p>\n<ol>\n<li>finir il st\u00fcdi da variantas e decisiun pella varianta finala infra \u00fcn on<br \/>\u2212 variantas: sanar il bogn avert existent o til rimplazzar cun \u00fcn lai da bognar<br \/>\u2212 renovar la gastronomia ed approfundir l\u2019idea \u00abChasa Tr\u00fc\u00bb cun nouvas sportas suot tet pel temp liber e per s\u2019inscuntrar\u00a0<\/li>\n<li>elavurar \u00fcn plan directiv etapp\u00e0 \u00abMasterplan Tr\u00fc\u00bb s\u00fcl livel da preproget, cumprais \u00fcna concurrenza d\u2019architectura pels fabricats nouvs<\/li>\n<\/ol>\n<p>\t\t\t\t\t\t\t\t\t\t\t\t<a href=\"\">Terza part: Plan directiv [Masterplan] pel areal Gurlaina<\/a><\/p>\n<ol>\n<li>sviluppar la sporta \u00abindoor\u00bb ed \u00aboutdoor\u00bb, in resguardond la sporta cumplessiva (p. ex. Tr\u00fc), inclusiv plazzas da giovar, indrizs da mountainbike, tennis, glatsch, ballap\u00e8, gastronomia e.u.i.<\/li>\n<li>mantgnair e sviluppar sportas da camping e chasa da gruppas (parahotellaria)\u00a0<\/li>\n<li>profitar da sinergias pro l\u2019ingrondimaint e pro la gestiun dals indrizs existents<\/li>\n<\/ol>\n<p>\t\t\t<a href=\"https:\/\/avegnirinfrascuol.ch\/wp-content\/uploads\/2022\/12\/Posta_Ladina_29-10-2022.pdf\" target=\"_blank\" download=\"pdf\" role=\"button\" rel=\"noopener\"><br \/>\n\t\t\t\t\t\tArtichel our da la Posta Ladina dals 29 october 2022 (PDF)<br \/>\n\t\t\t\t\t<\/a><\/p>\n<p><strong>Tema: Program d'infrastructura AVEGNIR INFRA SCUOL<\/strong><\/p>\n<p>Lavuratori davart las propostas pel svilup dals areals da temp liber e sport TR\u00dc, BOGN ENGIADINA, QUADRAS e GURLAINA.<\/p>\n<p>Il l\u00f6 es limit\u00e0,<strong> annunzchar per plaschair fin l\u00fcndeschdi ils 12 settember 2022 <\/strong>sur il formular sotvart (annunzcha per mincha singula persuna necessaria) o via e-mail a n.meyer[at]scuol.net<strong><br \/><\/strong><\/p>\n<p><strong>Marcurdi, ils 26 october 2022<\/strong><br \/><strong>20:00 | Sala cum\u00fcnala da Scuol (chasa da scoula)<\/strong><\/p>\n<p>\t\t\t<a href=\"https:\/\/avegnirinfrascuol.ch\/rom\/heute\/\" role=\"button\"><br \/>\n\t\t\t\t\t\tpagina davo<br \/>\n\t\t\t\t\t<\/a><\/p>","protected":false},"excerpt":{"rendered":"<p>Avegnir Infra Scuol Die Fraktion Scuol verf\u00fcgt an verschiedenen Orten \u00fcber Sport- und Freizeitanlagen, welche teilweise renovationsbed\u00fcrftig sind. Bevor Sanierungsmassnahmen in einzelnen Anlagen eingeleitet werden, will der Gemeindevorstand die Gesamtkonzeption und deren Ausrichtung auf die k\u00fcnftigen Bed\u00fcrfnisse der Anspruchsgruppen pr\u00fcfen, auch unter Ber\u00fccksichtigung der vorliegenden Planungsgrundlagen und erster Schlussfolgerungen. Dabei sollen neben der Standortattraktivit\u00e4t f\u00fcr [&hellip;]<\/p>","protected":false},"author":1,"featured_media":0,"parent":0,"menu_order":0,"comment_status":"closed","ping_status":"closed","template":"elementor_header_footer","meta":{"_monsterinsights_skip_tracking":false,"_monsterinsights_sitenote_active":false,"_monsterinsights_sitenote_note":"","_monsterinsights_sitenote_category":0,"ocean_post_layout":"","ocean_both_sidebars_style":"","ocean_both_sidebars_content_width":0,"ocean_both_sidebars_sidebars_width":0,"ocean_sidebar":"0","ocean_second_sidebar":"0","ocean_disable_margins":"enable","ocean_add_body_class":"","ocean_shortcode_before_top_bar":"","ocean_shortcode_after_top_bar":"","ocean_shortcode_before_header":"","ocean_shortcode_after_header":"","ocean_has_shortcode":"","ocean_shortcode_after_title":"","ocean_shortcode_before_footer_widgets":"","ocean_shortcode_after_footer_widgets":"","ocean_shortcode_before_footer_bottom":"","ocean_shortcode_after_footer_bottom":"","ocean_display_top_bar":"default","ocean_display_header":"default","ocean_header_style":"","ocean_center_header_left_menu":"0","ocean_custom_header_template":"0","ocean_custom_logo":0,"ocean_custom_retina_logo":0,"ocean_custom_logo_max_width":0,"ocean_custom_logo_tablet_max_width":0,"ocean_custom_logo_mobile_max_width":0,"ocean_custom_logo_max_height":0,"ocean_custom_logo_tablet_max_height":0,"ocean_custom_logo_mobile_max_height":0,"ocean_header_custom_menu":"0","ocean_menu_typo_font_family":"0","ocean_menu_typo_font_subset":"","ocean_menu_typo_font_size":0,"ocean_menu_typo_font_size_tablet":0,"ocean_menu_typo_font_size_mobile":0,"ocean_menu_typo_font_size_unit":"px","ocean_menu_typo_font_weight":"","ocean_menu_typo_font_weight_tablet":"","ocean_menu_typo_font_weight_mobile":"","ocean_menu_typo_transform":"","ocean_menu_typo_transform_tablet":"","ocean_menu_typo_transform_mobile":"","ocean_menu_typo_line_height":0,"ocean_menu_typo_line_height_tablet":0,"ocean_menu_typo_line_height_mobile":0,"ocean_menu_typo_line_height_unit":"","ocean_menu_typo_spacing":0,"ocean_menu_typo_spacing_tablet":0,"ocean_menu_typo_spacing_mobile":0,"ocean_menu_typo_spacing_unit":"","ocean_menu_link_color":"","ocean_menu_link_color_hover":"","ocean_menu_link_color_active":"","ocean_menu_link_background":"","ocean_menu_link_hover_background":"","ocean_menu_link_active_background":"","ocean_menu_social_links_bg":"","ocean_menu_social_hover_links_bg":"","ocean_menu_social_links_color":"","ocean_menu_social_hover_links_color":"","ocean_disable_title":"default","ocean_disable_heading":"default","ocean_post_title":"","ocean_post_subheading":"","ocean_post_title_style":"","ocean_post_title_background_color":"","ocean_post_title_background":0,"ocean_post_title_bg_image_position":"","ocean_post_title_bg_image_attachment":"","ocean_post_title_bg_image_repeat":"","ocean_post_title_bg_image_size":"","ocean_post_title_height":0,"ocean_post_title_bg_overlay":0.5,"ocean_post_title_bg_overlay_color":"","ocean_disable_breadcrumbs":"default","ocean_breadcrumbs_color":"","ocean_breadcrumbs_separator_color":"","ocean_breadcrumbs_links_color":"","ocean_breadcrumbs_links_hover_color":"","ocean_display_footer_widgets":"default","ocean_display_footer_bottom":"default","ocean_custom_footer_template":"0","footnotes":""},"class_list":["post-5","page","type-page","status-publish","hentry","entry"],"yoast_head":"<!-- This site is optimized with the Yoast SEO plugin v26.3 - https:\/\/yoast.com\/wordpress\/plugins\/seo\/ -->\n<title>Home - Avegnir Infra Scuol<\/title>\n<meta name=\"description\" content=\"Avegnir Infra Scuol befasst sich mit der Entwicklung und Erneuerung der Sport- und Freizeitanlagen in Scuol.\" \/>\n<meta name=\"robots\" content=\"index, follow, max-snippet:-1, max-image-preview:large, max-video-preview:-1\" \/>\n<link rel=\"canonical\" href=\"https:\/\/avegnirinfrascuol.ch\/rom\/\" \/>\n<meta property=\"og:locale\" content=\"ro_RO\" \/>\n<meta property=\"og:type\" content=\"article\" \/>\n<meta property=\"og:title\" content=\"Home - Avegnir Infra Scuol\" \/>\n<meta property=\"og:description\" content=\"Avegnir Infra Scuol befasst sich mit der Entwicklung und Erneuerung der Sport- und Freizeitanlagen in Scuol.\" \/>\n<meta property=\"og:url\" content=\"https:\/\/avegnirinfrascuol.ch\/rom\/\" \/>\n<meta property=\"og:site_name\" content=\"Avegnir Infra Scuol\" \/>\n<meta property=\"article:modified_time\" content=\"2022-12-08T09:45:04+00:00\" \/>\n<meta name=\"twitter:card\" content=\"summary_large_image\" \/>\n<meta name=\"twitter:label1\" content=\"Est. reading time\" \/>\n\t<meta name=\"twitter:data1\" content=\"3 minutes\" \/>\n<script type=\"application\/ld+json\" class=\"yoast-schema-graph\">{\"@context\":\"https:\/\/schema.org\",\"@graph\":[{\"@type\":\"WebPage\",\"@id\":\"https:\/\/avegnirinfrascuol.ch\/\",\"url\":\"https:\/\/avegnirinfrascuol.ch\/\",\"name\":\"Home - Avegnir Infra Scuol\",\"isPartOf\":{\"@id\":\"https:\/\/avegnirinfrascuol.ch\/#website\"},\"datePublished\":\"2022-05-20T09:58:13+00:00\",\"dateModified\":\"2022-12-08T09:45:04+00:00\",\"description\":\"Avegnir Infra Scuol befasst sich mit der Entwicklung und Erneuerung der Sport- und Freizeitanlagen in Scuol.\",\"breadcrumb\":{\"@id\":\"https:\/\/avegnirinfrascuol.ch\/#breadcrumb\"},\"inLanguage\":\"ROM\",\"potentialAction\":[{\"@type\":\"ReadAction\",\"target\":[\"https:\/\/avegnirinfrascuol.ch\/\"]}]},{\"@type\":\"BreadcrumbList\",\"@id\":\"https:\/\/avegnirinfrascuol.ch\/#breadcrumb\",\"itemListElement\":[{\"@type\":\"ListItem\",\"position\":1,\"name\":\"Startseite\",\"item\":\"https:\/\/avegnirinfrascuol.ch\/\"},{\"@type\":\"ListItem\",\"position\":2,\"name\":\"Home\"}]},{\"@type\":\"WebSite\",\"@id\":\"https:\/\/avegnirinfrascuol.ch\/#website\",\"url\":\"https:\/\/avegnirinfrascuol.ch\/\",\"name\":\"Avegnir Infra Scuol\",\"description\":\"\",\"potentialAction\":[{\"@type\":\"SearchAction\",\"target\":{\"@type\":\"EntryPoint\",\"urlTemplate\":\"https:\/\/avegnirinfrascuol.ch\/?s={search_term_string}\"},\"query-input\":{\"@type\":\"PropertyValueSpecification\",\"valueRequired\":true,\"valueName\":\"search_term_string\"}}],\"inLanguage\":\"ROM\"}]}<\/script>\n<!-- \/ Yoast SEO plugin. -->","yoast_head_json":{"title":"Home - Avegnir Infra Scuol","description":"Avegnir Infra Scuol befasst sich mit der Entwicklung und Erneuerung der Sport- und Freizeitanlagen in Scuol.","robots":{"index":"index","follow":"follow","max-snippet":"max-snippet:-1","max-image-preview":"max-image-preview:large","max-video-preview":"max-video-preview:-1"},"canonical":"https:\/\/avegnirinfrascuol.ch\/rom\/","og_locale":"ro_RO","og_type":"article","og_title":"Home - Avegnir Infra Scuol","og_description":"Avegnir Infra Scuol befasst sich mit der Entwicklung und Erneuerung der Sport- und Freizeitanlagen in Scuol.","og_url":"https:\/\/avegnirinfrascuol.ch\/rom\/","og_site_name":"Avegnir Infra Scuol","article_modified_time":"2022-12-08T09:45:04+00:00","twitter_card":"summary_large_image","twitter_misc":{"Est. reading time":"3 minutes"},"schema":{"@context":"https:\/\/schema.org","@graph":[{"@type":"WebPage","@id":"https:\/\/avegnirinfrascuol.ch\/","url":"https:\/\/avegnirinfrascuol.ch\/","name":"Home - Avegnir Infra Scuol","isPartOf":{"@id":"https:\/\/avegnirinfrascuol.ch\/#website"},"datePublished":"2022-05-20T09:58:13+00:00","dateModified":"2022-12-08T09:45:04+00:00","description":"Avegnir Infra Scuol befasst sich mit der Entwicklung und Erneuerung der Sport- und Freizeitanlagen in Scuol.","breadcrumb":{"@id":"https:\/\/avegnirinfrascuol.ch\/#breadcrumb"},"inLanguage":"ROM","potentialAction":[{"@type":"ReadAction","target":["https:\/\/avegnirinfrascuol.ch\/"]}]},{"@type":"BreadcrumbList","@id":"https:\/\/avegnirinfrascuol.ch\/#breadcrumb","itemListElement":[{"@type":"ListItem","position":1,"name":"Startseite","item":"https:\/\/avegnirinfrascuol.ch\/"},{"@type":"ListItem","position":2,"name":"Home"}]},{"@type":"WebSite","@id":"https:\/\/avegnirinfrascuol.ch\/#website","url":"https:\/\/avegnirinfrascuol.ch\/","name":"Avegnir Infra Scuol","description":"","potentialAction":[{"@type":"SearchAction","target":{"@type":"EntryPoint","urlTemplate":"https:\/\/avegnirinfrascuol.ch\/?s={search_term_string}"},"query-input":{"@type":"PropertyValueSpecification","valueRequired":true,"valueName":"search_term_string"}}],"inLanguage":"ROM"}]}},"_links":{"self":[{"href":"https:\/\/avegnirinfrascuol.ch\/rom\/wp-json\/wp\/v2\/pages\/5","targetHints":{"allow":["GET"]}}],"collection":[{"href":"https:\/\/avegnirinfrascuol.ch\/rom\/wp-json\/wp\/v2\/pages"}],"about":[{"href":"https:\/\/avegnirinfrascuol.ch\/rom\/wp-json\/wp\/v2\/types\/page"}],"author":[{"embeddable":true,"href":"https:\/\/avegnirinfrascuol.ch\/rom\/wp-json\/wp\/v2\/users\/1"}],"replies":[{"embeddable":true,"href":"https:\/\/avegnirinfrascuol.ch\/rom\/wp-json\/wp\/v2\/comments?post=5"}],"version-history":[{"count":412,"href":"https:\/\/avegnirinfrascuol.ch\/rom\/wp-json\/wp\/v2\/pages\/5\/revisions"}],"predecessor-version":[{"id":2637,"href":"https:\/\/avegnirinfrascuol.ch\/rom\/wp-json\/wp\/v2\/pages\/5\/revisions\/2637"}],"wp:attachment":[{"href":"https:\/\/avegnirinfrascuol.ch\/rom\/wp-json\/wp\/v2\/media?parent=5"}],"curies":[{"name":"wp","href":"https:\/\/api.w.org\/{rel}","templated":true}]}}